{"id":215,"date":"2024-03-20T04:55:50","date_gmt":"2024-03-20T01:55:50","guid":{"rendered":"https:\/\/rirs.com.ar\/?page_id=215"},"modified":"2024-03-22T03:54:25","modified_gmt":"2024-03-22T00:54:25","slug":"nosotros","status":"publish","type":"page","link":"https:\/\/rirs.com.ar\/index.php\/nosotros\/","title":{"rendered":"Origen"},"content":{"rendered":"\n<div class=\"wp-block-columns container is-layout-flex wp-container-core-columns-is-layout-9d6595d7 wp-block-columns-is-layout-flex\">\n<div class=\"wp-block-column col-md-5 is-layout-flow wp-block-column-is-layout-flow\">\n<p>RIRS surge de la uni\u00f3n de profesionales con m\u00e1s de 20 a\u00f1os de experiencia en la industria financiera, del seguro, servicios de salud, gobierno y emprendimiento PYME, con el objetivo de brindar informaci\u00f3n de calidad y sin sesgos, potenciando la toma de decisiones gracias a una mirada externa y objetiva de cada organizaci\u00f3n. <\/p>\n\n\n\n<p>Nos especializamos en an\u00e1lisis de grandes vol\u00famenes de datos y reporting para directivos, mostrando la realidad de una manera pr\u00e1ctica y con el desagregado puntual y necesario a los objetivos planteados.<\/p>\n\n\n\n<p>Generamos una conexi\u00f3n directa entre los datos de tu empresa y la decisi\u00f3n a tomar.<\/p>\n<\/div>\n<\/div>\n","protected":false},"excerpt":{"rendered":"<p>RIRS surge de la uni\u00f3n de profesionales con m\u00e1s de 20 a\u00f1os de experiencia en la industria financiera, del seguro, servicios de salud, gobierno y emprendimiento PYME, con el objetivo de brindar informaci\u00f3n de calidad y sin sesgos, potenciando la toma de decisiones gracias a una mirada externa y objetiva de cada organizaci\u00f3n. Nos especializamos [&hellip;]<\/p>\n","protected":false},"author":1,"featured_media":0,"parent":0,"menu_order":0,"comment_status":"closed","ping_status":"closed","template":"","meta":{"footnotes":""},"class_list":["post-215","page","type-page","status-publish","hentry"],"yoast_head":"<!-- This site is optimized with the Yoast SEO plugin v26.8 - https:\/\/yoast.com\/product\/yoast-seo-wordpress\/ -->\n<title>Origen -<\/title>\n<meta name=\"robots\" content=\"index, follow, max-snippet:-1, max-image-preview:large, max-video-preview:-1\" \/>\n<link rel=\"canonical\" href=\"https:\/\/rirs.com.ar\/index.php\/nosotros\/\" \/>\n<meta property=\"og:locale\" content=\"es_ES\" \/>\n<meta property=\"og:type\" content=\"article\" \/>\n<meta property=\"og:title\" content=\"Origen -\" \/>\n<meta property=\"og:description\" content=\"RIRS surge de la uni\u00f3n de profesionales con m\u00e1s de 20 a\u00f1os de experiencia en la industria financiera, del seguro, servicios de salud, gobierno y emprendimiento PYME, con el objetivo de brindar informaci\u00f3n de calidad y sin sesgos, potenciando la toma de decisiones gracias a una mirada externa y objetiva de cada organizaci\u00f3n. Nos especializamos [&hellip;]\" \/>\n<meta property=\"og:url\" content=\"https:\/\/rirs.com.ar\/index.php\/nosotros\/\" \/>\n<meta property=\"article:modified_time\" content=\"2024-03-22T00:54:25+00:00\" \/>\n<meta name=\"twitter:card\" content=\"summary_large_image\" \/>\n<meta name=\"twitter:label1\" content=\"Tiempo de lectura\" \/>\n\t<meta name=\"twitter:data1\" content=\"1 minuto\" \/>\n<script type=\"application\/ld+json\" class=\"yoast-schema-graph\">{\"@context\":\"https:\/\/schema.org\",\"@graph\":[{\"@type\":\"WebPage\",\"@id\":\"https:\/\/rirs.com.ar\/index.php\/nosotros\/\",\"url\":\"https:\/\/rirs.com.ar\/index.php\/nosotros\/\",\"name\":\"Origen -\",\"isPartOf\":{\"@id\":\"https:\/\/rirs.com.ar\/#website\"},\"datePublished\":\"2024-03-20T01:55:50+00:00\",\"dateModified\":\"2024-03-22T00:54:25+00:00\",\"breadcrumb\":{\"@id\":\"https:\/\/rirs.com.ar\/index.php\/nosotros\/#breadcrumb\"},\"inLanguage\":\"es-AR\",\"potentialAction\":[{\"@type\":\"ReadAction\",\"target\":[\"https:\/\/rirs.com.ar\/index.php\/nosotros\/\"]}]},{\"@type\":\"BreadcrumbList\",\"@id\":\"https:\/\/rirs.com.ar\/index.php\/nosotros\/#breadcrumb\",\"itemListElement\":[{\"@type\":\"ListItem\",\"position\":1,\"name\":\"Inicio\",\"item\":\"https:\/\/rirs.com.ar\/\"},{\"@type\":\"ListItem\",\"position\":2,\"name\":\"Origen\"}]},{\"@type\":\"WebSite\",\"@id\":\"https:\/\/rirs.com.ar\/#website\",\"url\":\"https:\/\/rirs.com.ar\/\",\"name\":\"\",\"description\":\"Toda la informaci\u00f3n de tu empresa, simple.\",\"potentialAction\":[{\"@type\":\"SearchAction\",\"target\":{\"@type\":\"EntryPoint\",\"urlTemplate\":\"https:\/\/rirs.com.ar\/?s={search_term_string}\"},\"query-input\":{\"@type\":\"PropertyValueSpecification\",\"valueRequired\":true,\"valueName\":\"search_term_string\"}}],\"inLanguage\":\"es-AR\"}]}<\/script>\n<!-- \/ Yoast SEO plugin. -->","yoast_head_json":{"title":"Origen -","robots":{"index":"index","follow":"follow","max-snippet":"max-snippet:-1","max-image-preview":"max-image-preview:large","max-video-preview":"max-video-preview:-1"},"canonical":"https:\/\/rirs.com.ar\/index.php\/nosotros\/","og_locale":"es_ES","og_type":"article","og_title":"Origen -","og_description":"RIRS surge de la uni\u00f3n de profesionales con m\u00e1s de 20 a\u00f1os de experiencia en la industria financiera, del seguro, servicios de salud, gobierno y emprendimiento PYME, con el objetivo de brindar informaci\u00f3n de calidad y sin sesgos, potenciando la toma de decisiones gracias a una mirada externa y objetiva de cada organizaci\u00f3n. Nos especializamos [&hellip;]","og_url":"https:\/\/rirs.com.ar\/index.php\/nosotros\/","article_modified_time":"2024-03-22T00:54:25+00:00","twitter_card":"summary_large_image","twitter_misc":{"Tiempo de lectura":"1 minuto"},"schema":{"@context":"https:\/\/schema.org","@graph":[{"@type":"WebPage","@id":"https:\/\/rirs.com.ar\/index.php\/nosotros\/","url":"https:\/\/rirs.com.ar\/index.php\/nosotros\/","name":"Origen -","isPartOf":{"@id":"https:\/\/rirs.com.ar\/#website"},"datePublished":"2024-03-20T01:55:50+00:00","dateModified":"2024-03-22T00:54:25+00:00","breadcrumb":{"@id":"https:\/\/rirs.com.ar\/index.php\/nosotros\/#breadcrumb"},"inLanguage":"es-AR","potentialAction":[{"@type":"ReadAction","target":["https:\/\/rirs.com.ar\/index.php\/nosotros\/"]}]},{"@type":"BreadcrumbList","@id":"https:\/\/rirs.com.ar\/index.php\/nosotros\/#breadcrumb","itemListElement":[{"@type":"ListItem","position":1,"name":"Inicio","item":"https:\/\/rirs.com.ar\/"},{"@type":"ListItem","position":2,"name":"Origen"}]},{"@type":"WebSite","@id":"https:\/\/rirs.com.ar\/#website","url":"https:\/\/rirs.com.ar\/","name":"","description":"Toda la informaci\u00f3n de tu empresa, simple.","potentialAction":[{"@type":"SearchAction","target":{"@type":"EntryPoint","urlTemplate":"https:\/\/rirs.com.ar\/?s={search_term_string}"},"query-input":{"@type":"PropertyValueSpecification","valueRequired":true,"valueName":"search_term_string"}}],"inLanguage":"es-AR"}]}},"jetpack_sharing_enabled":true,"_links":{"self":[{"href":"https:\/\/rirs.com.ar\/index.php\/wp-json\/wp\/v2\/pages\/215","targetHints":{"allow":["GET"]}}],"collection":[{"href":"https:\/\/rirs.com.ar\/index.php\/wp-json\/wp\/v2\/pages"}],"about":[{"href":"https:\/\/rirs.com.ar\/index.php\/wp-json\/wp\/v2\/types\/page"}],"author":[{"embeddable":true,"href":"https:\/\/rirs.com.ar\/index.php\/wp-json\/wp\/v2\/users\/1"}],"replies":[{"embeddable":true,"href":"https:\/\/rirs.com.ar\/index.php\/wp-json\/wp\/v2\/comments?post=215"}],"version-history":[{"count":2,"href":"https:\/\/rirs.com.ar\/index.php\/wp-json\/wp\/v2\/pages\/215\/revisions"}],"predecessor-version":[{"id":264,"href":"https:\/\/rirs.com.ar\/index.php\/wp-json\/wp\/v2\/pages\/215\/revisions\/264"}],"wp:attachment":[{"href":"https:\/\/rirs.com.ar\/index.php\/wp-json\/wp\/v2\/media?parent=215"}],"curies":[{"name":"wp","href":"https:\/\/api.w.org\/{rel}","templated":true}]}}