{"id":211,"date":"2024-03-20T04:52:51","date_gmt":"2024-03-20T01:52:51","guid":{"rendered":"https:\/\/rirs.com.ar\/?page_id=211"},"modified":"2024-03-22T04:02:35","modified_gmt":"2024-03-22T01:02:35","slug":"nuestros-servicios","status":"publish","type":"page","link":"https:\/\/rirs.com.ar\/index.php\/nuestros-servicios\/","title":{"rendered":"Esquema de trabajo"},"content":{"rendered":"\n<p>Comenzamos con algo que consideramos fundamental: la reuni\u00f3n de conocimiento. El objetivo de la misma es poder determinar cuales de nuestras herramientas pueden llegar a ser de utilidad para que la organizaci\u00f3n mejore su proceso de toma de decisiones.<\/p>\n\n\n\n<p>Nos enfocamos en que cualquier relaci\u00f3n que entablemos sea mutuamente constructiva. No creemos en relaciones forzadas, sin objetivos definidos o meramente comerciales, ya que las mismas solo recargar\u00edan innecesariamente ambas estructuras, sin aportar ning\u00fan agregado.<\/p>\n\n\n\n<p>Algunas de las herramientas que tenemos disponibles: <\/p>\n\n\n\n<ul class=\"wp-block-list\">\n<li>Big data: Analizamos todo tipo de vol\u00famenes de informaci\u00f3n, lo compilamos y te lo mostramos f\u00e1cil para que puedas enfocarte en analizar y tomar decisiones.<\/li>\n\n\n\n<li>Reporting: Creaci\u00f3n de reportes econ\u00f3micos, financieros y de gesti\u00f3n en general para que veas f\u00e1cilmente el mapa de tu negocio. Apuntamos a aquellos puntos claves de la industria de cada empresa.<\/li>\n\n\n\n<li>Desarrollo de tableros:  Dise\u00f1amos, conectamos y creamos tableros en Power BI, Data Studio o Excel de acuerdo a tus necesidades para que  accedas desde cualquier sitio en tiempo real.<\/li>\n<\/ul>\n","protected":false},"excerpt":{"rendered":"<p>Comenzamos con algo que consideramos fundamental: la reuni\u00f3n de conocimiento. El objetivo de la misma es poder determinar cuales de nuestras herramientas pueden llegar a ser de utilidad para que la organizaci\u00f3n mejore su proceso de toma de decisiones. Nos enfocamos en que cualquier relaci\u00f3n que entablemos sea mutuamente constructiva. No creemos en relaciones forzadas, [&hellip;]<\/p>\n","protected":false},"author":1,"featured_media":0,"parent":0,"menu_order":0,"comment_status":"closed","ping_status":"closed","template":"","meta":{"footnotes":""},"class_list":["post-211","page","type-page","status-publish","hentry"],"yoast_head":"<!-- This site is optimized with the Yoast SEO plugin v26.8 - https:\/\/yoast.com\/product\/yoast-seo-wordpress\/ -->\n<title>Esquema de trabajo -<\/title>\n<meta name=\"robots\" content=\"index, follow, max-snippet:-1, max-image-preview:large, max-video-preview:-1\" \/>\n<link rel=\"canonical\" href=\"https:\/\/rirs.com.ar\/index.php\/nuestros-servicios\/\" \/>\n<meta property=\"og:locale\" content=\"es_ES\" \/>\n<meta property=\"og:type\" content=\"article\" \/>\n<meta property=\"og:title\" content=\"Esquema de trabajo -\" \/>\n<meta property=\"og:description\" content=\"Comenzamos con algo que consideramos fundamental: la reuni\u00f3n de conocimiento. El objetivo de la misma es poder determinar cuales de nuestras herramientas pueden llegar a ser de utilidad para que la organizaci\u00f3n mejore su proceso de toma de decisiones. Nos enfocamos en que cualquier relaci\u00f3n que entablemos sea mutuamente constructiva. No creemos en relaciones forzadas, [&hellip;]\" \/>\n<meta property=\"og:url\" content=\"https:\/\/rirs.com.ar\/index.php\/nuestros-servicios\/\" \/>\n<meta property=\"article:modified_time\" content=\"2024-03-22T01:02:35+00:00\" \/>\n<meta name=\"twitter:card\" content=\"summary_large_image\" \/>\n<meta name=\"twitter:label1\" content=\"Tiempo de lectura\" \/>\n\t<meta name=\"twitter:data1\" content=\"1 minuto\" \/>\n<script type=\"application\/ld+json\" class=\"yoast-schema-graph\">{\"@context\":\"https:\/\/schema.org\",\"@graph\":[{\"@type\":\"WebPage\",\"@id\":\"https:\/\/rirs.com.ar\/index.php\/nuestros-servicios\/\",\"url\":\"https:\/\/rirs.com.ar\/index.php\/nuestros-servicios\/\",\"name\":\"Esquema de trabajo -\",\"isPartOf\":{\"@id\":\"https:\/\/rirs.com.ar\/#website\"},\"datePublished\":\"2024-03-20T01:52:51+00:00\",\"dateModified\":\"2024-03-22T01:02:35+00:00\",\"breadcrumb\":{\"@id\":\"https:\/\/rirs.com.ar\/index.php\/nuestros-servicios\/#breadcrumb\"},\"inLanguage\":\"es-AR\",\"potentialAction\":[{\"@type\":\"ReadAction\",\"target\":[\"https:\/\/rirs.com.ar\/index.php\/nuestros-servicios\/\"]}]},{\"@type\":\"BreadcrumbList\",\"@id\":\"https:\/\/rirs.com.ar\/index.php\/nuestros-servicios\/#breadcrumb\",\"itemListElement\":[{\"@type\":\"ListItem\",\"position\":1,\"name\":\"Inicio\",\"item\":\"https:\/\/rirs.com.ar\/\"},{\"@type\":\"ListItem\",\"position\":2,\"name\":\"Esquema de trabajo\"}]},{\"@type\":\"WebSite\",\"@id\":\"https:\/\/rirs.com.ar\/#website\",\"url\":\"https:\/\/rirs.com.ar\/\",\"name\":\"\",\"description\":\"Toda la informaci\u00f3n de tu empresa, simple.\",\"potentialAction\":[{\"@type\":\"SearchAction\",\"target\":{\"@type\":\"EntryPoint\",\"urlTemplate\":\"https:\/\/rirs.com.ar\/?s={search_term_string}\"},\"query-input\":{\"@type\":\"PropertyValueSpecification\",\"valueRequired\":true,\"valueName\":\"search_term_string\"}}],\"inLanguage\":\"es-AR\"}]}<\/script>\n<!-- \/ Yoast SEO plugin. -->","yoast_head_json":{"title":"Esquema de trabajo -","robots":{"index":"index","follow":"follow","max-snippet":"max-snippet:-1","max-image-preview":"max-image-preview:large","max-video-preview":"max-video-preview:-1"},"canonical":"https:\/\/rirs.com.ar\/index.php\/nuestros-servicios\/","og_locale":"es_ES","og_type":"article","og_title":"Esquema de trabajo -","og_description":"Comenzamos con algo que consideramos fundamental: la reuni\u00f3n de conocimiento. El objetivo de la misma es poder determinar cuales de nuestras herramientas pueden llegar a ser de utilidad para que la organizaci\u00f3n mejore su proceso de toma de decisiones. Nos enfocamos en que cualquier relaci\u00f3n que entablemos sea mutuamente constructiva. No creemos en relaciones forzadas, [&hellip;]","og_url":"https:\/\/rirs.com.ar\/index.php\/nuestros-servicios\/","article_modified_time":"2024-03-22T01:02:35+00:00","twitter_card":"summary_large_image","twitter_misc":{"Tiempo de lectura":"1 minuto"},"schema":{"@context":"https:\/\/schema.org","@graph":[{"@type":"WebPage","@id":"https:\/\/rirs.com.ar\/index.php\/nuestros-servicios\/","url":"https:\/\/rirs.com.ar\/index.php\/nuestros-servicios\/","name":"Esquema de trabajo -","isPartOf":{"@id":"https:\/\/rirs.com.ar\/#website"},"datePublished":"2024-03-20T01:52:51+00:00","dateModified":"2024-03-22T01:02:35+00:00","breadcrumb":{"@id":"https:\/\/rirs.com.ar\/index.php\/nuestros-servicios\/#breadcrumb"},"inLanguage":"es-AR","potentialAction":[{"@type":"ReadAction","target":["https:\/\/rirs.com.ar\/index.php\/nuestros-servicios\/"]}]},{"@type":"BreadcrumbList","@id":"https:\/\/rirs.com.ar\/index.php\/nuestros-servicios\/#breadcrumb","itemListElement":[{"@type":"ListItem","position":1,"name":"Inicio","item":"https:\/\/rirs.com.ar\/"},{"@type":"ListItem","position":2,"name":"Esquema de trabajo"}]},{"@type":"WebSite","@id":"https:\/\/rirs.com.ar\/#website","url":"https:\/\/rirs.com.ar\/","name":"","description":"Toda la informaci\u00f3n de tu empresa, simple.","potentialAction":[{"@type":"SearchAction","target":{"@type":"EntryPoint","urlTemplate":"https:\/\/rirs.com.ar\/?s={search_term_string}"},"query-input":{"@type":"PropertyValueSpecification","valueRequired":true,"valueName":"search_term_string"}}],"inLanguage":"es-AR"}]}},"jetpack_sharing_enabled":true,"_links":{"self":[{"href":"https:\/\/rirs.com.ar\/index.php\/wp-json\/wp\/v2\/pages\/211","targetHints":{"allow":["GET"]}}],"collection":[{"href":"https:\/\/rirs.com.ar\/index.php\/wp-json\/wp\/v2\/pages"}],"about":[{"href":"https:\/\/rirs.com.ar\/index.php\/wp-json\/wp\/v2\/types\/page"}],"author":[{"embeddable":true,"href":"https:\/\/rirs.com.ar\/index.php\/wp-json\/wp\/v2\/users\/1"}],"replies":[{"embeddable":true,"href":"https:\/\/rirs.com.ar\/index.php\/wp-json\/wp\/v2\/comments?post=211"}],"version-history":[{"count":3,"href":"https:\/\/rirs.com.ar\/index.php\/wp-json\/wp\/v2\/pages\/211\/revisions"}],"predecessor-version":[{"id":266,"href":"https:\/\/rirs.com.ar\/index.php\/wp-json\/wp\/v2\/pages\/211\/revisions\/266"}],"wp:attachment":[{"href":"https:\/\/rirs.com.ar\/index.php\/wp-json\/wp\/v2\/media?parent=211"}],"curies":[{"name":"wp","href":"https:\/\/api.w.org\/{rel}","templated":true}]}}